{"id":313,"date":"2023-10-08T11:58:07","date_gmt":"2023-10-08T09:58:07","guid":{"rendered":"https:\/\/lidialindrova.eu\/%d0%bf%d1%81%d0%b8%d1%85%d0%be%d0%bb%d0%be%d0%b3\/"},"modified":"2026-04-06T14:55:48","modified_gmt":"2026-04-06T12:55:48","slug":"psychotherapie-und-beratung","status":"publish","type":"page","link":"https:\/\/lidialindrova.eu\/de\/","title":{"rendered":"Home"},"content":{"rendered":"\n<div class=\"et_pb_section_0 et_pb_section et_pb_fullwidth_section et_section_regular et_block_section\"><div class=\"et_pb_fullwidth_slider_0 et_pb_slider et_slider_auto et_slider_speed_7000 et_pb_module\"><div class=\"et_pb_slides\"><div class=\"et_pb_slide_0 et_pb_slide et_pb_media_alignment_center et_pb_bg_layout_dark et_pb_text_align_right\" data-slide-id=\"divi\/slide-0\"><div class=\"et_pb_container\"><div class=\"et_pb_slider_container_inner\"><div class=\"et_pb_slide_description\"><h2 class=\"et_pb_slide_title\"><a href=\"https:\/\/lidialindrova.eu\/%d0%ba%d0%be%d0%bd%d1%82%d0%b0%d0%ba%d1%82\/\" target=\"\" class=\"et_pb_slide_title_link\">Lidia Lindrova<\/a><\/h2><div class=\"et_pb_slide_content\"><h2 dir=\"ltr\"><strong><span style=\"color: #ffffff;\">Psychotherapie und Beratung<\/span><\/strong><\/h2>\n<\/div><div class=\"et_pb_button_wrapper\"><a class=\"et_pb_button et_pb_more_button\" href=\"https:\/\/lidialindrova.eu\/%d0%ba%d0%be%d0%bd%d1%82%d0%b0%d0%ba%d1%82\/\">Kontakt<\/a><\/div><\/div><\/div><\/div><\/div><\/div><\/div><\/div><div class=\"et_pb_section_1 et_pb_section et_section_regular et_block_section\"><div class=\"et_pb_row_0 et_pb_row et_block_row\"><div class=\"et_pb_column_0 et_pb_column et_pb_column_4_4 et-last-child et_block_column et_pb_css_mix_blend_mode_passthrough\"><div class=\"et_pb_text_0 et_pb_text et_pb_bg_layout_light et_pb_module et_block_module et_pb_text_align_center preset--module--divi-text--80299f80-b56c-44d3-a22d-a117260ae5eb\"><div class=\"et_pb_text_inner\"><h2 dir=\"ltr\">Psychologin<\/h2>\n<\/div><\/div><div class=\"et_pb_text_1 et_pb_text et_pb_bg_layout_light et_pb_module et_block_module et_pb_text_align_center preset--module--divi-text--747223dd-d700-4762-ba7f-5fc5ff78301f\"><div class=\"et_pb_text_inner\"><ul>\n<li dir=\"ltr\" style=\"text-align: left;\">Psychologische Unterst\u00fctzung bei belastenden Umst\u00e4nden und Krisen, Lebensberatung in jedem Alter<\/li>\n<li dir=\"ltr\" style=\"text-align: left;\">Erziehungsberatung und Hilfe f\u00fcr Kinder und Eltern, insbesondere f\u00fcr Adoptiv- oder Pflegekinder und Familien, sowie bei multikulturellem Hintergrund<\/li>\n<li dir=\"ltr\" style=\"text-align: left;\">Gesundheitliche psychosomatische Anliegen wie Schlafprobleme, Angst, depressive Verstimmungen, Ersch\u00f6pfungszustand u.a.<\/li>\n<\/ul>\n<p dir=\"ltr\" style=\"text-align: left;\">- In den psychologischen Gespr\u00e4chen werden bei Bedarf art- und verhaltens-therapeutische oder Entspannungsmethoden angewandt<br \/>- Arbeit in kleinen Gruppen in der Natur m\u00f6glich<br \/>- Die Kunden bekommen am Anfang die M\u00f6glichkeit im Einf\u00fchrungsgespr\u00e4ch die Psychologin pers\u00f6nlich (auch online) kennen zu lernen, ihr Problem\/Anliegen darzulegen und die k\u00fcnftige Zusammenarbeit zu besprechen<\/p>\n<p dir=\"ltr\" style=\"text-align: left;\">Terminkoordination unter Tel.: +359 878 608 235<br \/>Beratung in deutscher, russischer und bulgarischer Sprache m\u00f6glich<\/p>\n<\/div><\/div><\/div><\/div><\/div>\n","protected":false},"excerpt":{"rendered":"","protected":false},"author":1,"featured_media":0,"parent":0,"menu_order":4,"comment_status":"closed","ping_status":"closed","template":"","meta":{"ngg_post_thumbnail":0,"footnotes":""},"class_list":["post-313","page","type-page","status-publish","hentry"],"yoast_head":"<!-- This site is optimized with the Yoast SEO plugin v27.4 - https:\/\/yoast.com\/product\/yoast-seo-wordpress\/ -->\n<title>Home - Lydia Lindrowa<\/title>\n<meta name=\"robots\" content=\"index, follow, max-snippet:-1, max-image-preview:large, max-video-preview:-1\" \/>\n<link rel=\"canonical\" href=\"https:\/\/lidialindrova.eu\/de\/\" \/>\n<meta property=\"og:locale\" content=\"de_DE\" \/>\n<meta property=\"og:type\" content=\"article\" \/>\n<meta property=\"og:title\" content=\"Home - Lydia Lindrowa\" \/>\n<meta property=\"og:url\" content=\"https:\/\/lidialindrova.eu\/de\/\" \/>\n<meta property=\"og:site_name\" content=\"Lydia Lindrowa\" \/>\n<meta property=\"article:modified_time\" content=\"2026-04-06T12:55:48+00:00\" \/>\n<meta name=\"twitter:card\" content=\"summary_large_image\" \/>\n<meta name=\"twitter:label1\" content=\"Gesch\u00e4tzte Lesezeit\" \/>\n\t<meta name=\"twitter:data1\" content=\"1\u00a0Minute\" \/>\n<script type=\"application\/ld+json\" class=\"yoast-schema-graph\">{\"@context\":\"https:\\\/\\\/schema.org\",\"@graph\":[{\"@type\":\"WebPage\",\"@id\":\"https:\\\/\\\/lidialindrova.eu\\\/de\\\/\",\"url\":\"https:\\\/\\\/lidialindrova.eu\\\/de\\\/\",\"name\":\"Home - Lydia Lindrowa\",\"isPartOf\":{\"@id\":\"https:\\\/\\\/lidialindrova.eu\\\/de\\\/#website\"},\"datePublished\":\"2023-10-08T09:58:07+00:00\",\"dateModified\":\"2026-04-06T12:55:48+00:00\",\"breadcrumb\":{\"@id\":\"https:\\\/\\\/lidialindrova.eu\\\/de\\\/#breadcrumb\"},\"inLanguage\":\"de\",\"potentialAction\":[{\"@type\":\"ReadAction\",\"target\":[\"https:\\\/\\\/lidialindrova.eu\\\/de\\\/\"]}]},{\"@type\":\"BreadcrumbList\",\"@id\":\"https:\\\/\\\/lidialindrova.eu\\\/de\\\/#breadcrumb\",\"itemListElement\":[{\"@type\":\"ListItem\",\"position\":1,\"name\":\"Startseite\",\"item\":\"https:\\\/\\\/lidialindrova.eu\\\/de\\\/\"},{\"@type\":\"ListItem\",\"position\":2,\"name\":\"Home\"}]},{\"@type\":\"WebSite\",\"@id\":\"https:\\\/\\\/lidialindrova.eu\\\/de\\\/#website\",\"url\":\"https:\\\/\\\/lidialindrova.eu\\\/de\\\/\",\"name\":\"Lydia Lindrowa\",\"description\":\"\u041f\u0441\u0438\u0445\u043e\u043b\u043e\u0433\",\"potentialAction\":[{\"@type\":\"SearchAction\",\"target\":{\"@type\":\"EntryPoint\",\"urlTemplate\":\"https:\\\/\\\/lidialindrova.eu\\\/de\\\/?s={search_term_string}\"},\"query-input\":{\"@type\":\"PropertyValueSpecification\",\"valueRequired\":true,\"valueName\":\"search_term_string\"}}],\"inLanguage\":\"de\"}]}<\/script>\n<!-- \/ Yoast SEO plugin. -->","yoast_head_json":{"title":"Home - Lydia Lindrowa","robots":{"index":"index","follow":"follow","max-snippet":"max-snippet:-1","max-image-preview":"max-image-preview:large","max-video-preview":"max-video-preview:-1"},"canonical":"https:\/\/lidialindrova.eu\/de\/","og_locale":"de_DE","og_type":"article","og_title":"Home - Lydia Lindrowa","og_url":"https:\/\/lidialindrova.eu\/de\/","og_site_name":"Lydia Lindrowa","article_modified_time":"2026-04-06T12:55:48+00:00","twitter_card":"summary_large_image","twitter_misc":{"Gesch\u00e4tzte Lesezeit":"1\u00a0Minute"},"schema":{"@context":"https:\/\/schema.org","@graph":[{"@type":"WebPage","@id":"https:\/\/lidialindrova.eu\/de\/","url":"https:\/\/lidialindrova.eu\/de\/","name":"Home - Lydia Lindrowa","isPartOf":{"@id":"https:\/\/lidialindrova.eu\/de\/#website"},"datePublished":"2023-10-08T09:58:07+00:00","dateModified":"2026-04-06T12:55:48+00:00","breadcrumb":{"@id":"https:\/\/lidialindrova.eu\/de\/#breadcrumb"},"inLanguage":"de","potentialAction":[{"@type":"ReadAction","target":["https:\/\/lidialindrova.eu\/de\/"]}]},{"@type":"BreadcrumbList","@id":"https:\/\/lidialindrova.eu\/de\/#breadcrumb","itemListElement":[{"@type":"ListItem","position":1,"name":"Startseite","item":"https:\/\/lidialindrova.eu\/de\/"},{"@type":"ListItem","position":2,"name":"Home"}]},{"@type":"WebSite","@id":"https:\/\/lidialindrova.eu\/de\/#website","url":"https:\/\/lidialindrova.eu\/de\/","name":"Lydia Lindrowa","description":"\u041f\u0441\u0438\u0445\u043e\u043b\u043e\u0433","potentialAction":[{"@type":"SearchAction","target":{"@type":"EntryPoint","urlTemplate":"https:\/\/lidialindrova.eu\/de\/?s={search_term_string}"},"query-input":{"@type":"PropertyValueSpecification","valueRequired":true,"valueName":"search_term_string"}}],"inLanguage":"de"}]}},"_links":{"self":[{"href":"https:\/\/lidialindrova.eu\/de\/wp-json\/wp\/v2\/pages\/313","targetHints":{"allow":["GET"]}}],"collection":[{"href":"https:\/\/lidialindrova.eu\/de\/wp-json\/wp\/v2\/pages"}],"about":[{"href":"https:\/\/lidialindrova.eu\/de\/wp-json\/wp\/v2\/types\/page"}],"author":[{"embeddable":true,"href":"https:\/\/lidialindrova.eu\/de\/wp-json\/wp\/v2\/users\/1"}],"replies":[{"embeddable":true,"href":"https:\/\/lidialindrova.eu\/de\/wp-json\/wp\/v2\/comments?post=313"}],"version-history":[{"count":16,"href":"https:\/\/lidialindrova.eu\/de\/wp-json\/wp\/v2\/pages\/313\/revisions"}],"predecessor-version":[{"id":844,"href":"https:\/\/lidialindrova.eu\/de\/wp-json\/wp\/v2\/pages\/313\/revisions\/844"}],"wp:attachment":[{"href":"https:\/\/lidialindrova.eu\/de\/wp-json\/wp\/v2\/media?parent=313"}],"curies":[{"name":"wp","href":"https:\/\/api.w.org\/{rel}","templated":true}]}}